{"id":20,"date":"2022-06-02T03:55:30","date_gmt":"2022-06-02T03:55:30","guid":{"rendered":"https:\/\/observatorioantiespecista.com\/?page_id=20"},"modified":"2023-10-30T12:43:23","modified_gmt":"2023-10-30T12:43:23","slug":"quem-somos","status":"publish","type":"page","link":"https:\/\/observatorioantiespecista.com\/index.php\/quem-somos\/","title":{"rendered":"Quem Somos"},"content":{"rendered":"<p align=\"justify\"><b>OBSERVAT\u00d3RIO ANTIESPECISTA<\/b><\/p>\n<p align=\"justify\">Denunciando a Discrimina\u00e7\u00e3o<\/p>\n<p align=\"justify\">Lutando pela Justi\u00e7a<\/p>\n<p align=\"justify\">O Observat\u00f3rio Antiespecista \u00e9 uma iniciativa nascida da uni\u00e3o de v\u00e1rios segmentos da sociedade -como acad\u00eamicos, intelectuais, ativistas, pol\u00edticos, jornalistas e membros da sociedade civil- cujo objetivo \u00e9 a den\u00fancia daquele que \u00e9 de longe o mais disseminado -por\u00e9m o mais invis\u00edvel- dos preconceitos: o especismo.<\/p>\n<p>Compreender que o Especismo \u00e9 uma forma de discrimina\u00e7\u00e3o contra indiv\u00edduos que pertencem \u00e0 outras esp\u00e9cies \u00e9 fundamental para seu combate!<\/p>\n<p>Rejeite o especismo! Denuncie!<\/p>\n<p>&nbsp;<\/p>\n<p><a href=\"https:\/\/observatorioantiespecista.com\/\"><b>Observat\u00f3rio Antiespecista<\/b><\/a><\/p>\n<p><span style=\"color: #0563c1;\"><u><a href=\"https:\/\/observatorioantiespecista.com\/\">https:\/\/observatorioantiespecista.com\/<\/a><\/u><\/span><\/p>\n<p>&nbsp;<\/p>\n<p><b>Conhe\u00e7a nosso trabalho nas redes sociais<\/b><\/p>\n<p><strong><a href=\"https:\/\/www.facebook.com\/obantiespecista\">Facebook<\/a><\/strong><\/p>\n<p><span style=\"color: #0563c1;\"><u><a href=\"https:\/\/www.facebook.com\/obantiespecista\">https:\/\/www.facebook.com\/obantiespecista<\/a><\/u><\/span><\/p>\n<p><a href=\"https:\/\/instagram.com\/obantiespecista\"><strong>Instagram<\/strong><\/a><\/p>\n<p><a href=\"https:\/\/instagram.com\/obantiespecista\">https:\/\/instagram.com\/obantiespecista<\/a><\/p>\n<p><strong><a href=\"https:\/\/twitter.com\/obantiespecista\">Twitter<\/a><\/strong><\/p>\n<p><a class=\"twitter-timeline\" data-width=\"656\" data-height=\"984\" data-dnt=\"true\" href=\"https:\/\/twitter.com\/obantiespecista?ref_src=twsrc%5Etfw\">Tweets by obantiespecista<\/a><script async src=\"https:\/\/platform.twitter.com\/widgets.js\" charset=\"utf-8\"><\/script><\/p>\n<p><strong><a href=\"https:\/\/www.youtube.com\/@observatorioantiespecista3113\">YouTube<\/a><\/strong><\/p>\n<p><a href=\"https:\/\/www.youtube.com\/@observatorioantiespecista3113\">https:\/\/www.youtube.com\/@observatorioantiespecista3113<\/a><\/p>\n<p><strong><a href=\"https:\/\/www.tiktok.com\/@obantiespecista\">TikTok<\/a><\/strong><\/p>\n<blockquote class=\"tiktok-embed\" cite=\"https:\/\/www.tiktok.com\/@obantiespecista\" data-unique-id=\"obantiespecista\" data-embed-from=\"oembed\" data-embed-type=\"creator\" style=\"max-width:780px; min-width:288px;\">\n<section> <a target=\"_blank\" href=\"https:\/\/www.tiktok.com\/@obantiespecista?refer=creator_embed\">@obantiespecista<\/a> <\/section>\n<\/blockquote>\n<p> <script async src=\"https:\/\/www.tiktok.com\/embed.js\"><\/script><\/p>\n<p>&nbsp;<\/p>\n<p><b>Quer entrar em contato conosco?<\/b><\/p>\n<p><strong><a href=\"observatorio.antiespecista@gmail.com\">Gmail<\/a><\/strong><\/p>\n<p><span style=\"color: #0563c1;\"><u><a href=\"mailto:observatorio.antiespecista@gmail.com\">observatorio.antiespecista@gmail.com<\/a><\/u><\/span><\/p>\n<p>&nbsp;<\/p>\n","protected":false},"excerpt":{"rendered":"<p>OBSERVAT\u00d3RIO ANTIESPECISTA Denunciando a Discrimina\u00e7\u00e3o Lutando pela Justi\u00e7a O Observat\u00f3rio Antiespecista \u00e9 uma iniciativa nascida da uni\u00e3o de v\u00e1rios segmentos da sociedade -como acad\u00eamicos, intelectuais, ativistas, pol\u00edticos, jornalistas e membros da sociedade civil- cujo objetivo \u00e9 a den\u00fancia daquele que \u00e9 de longe o mais disseminado -por\u00e9m o mais invis\u00edvel- dos preconceitos: o especismo. Compreender &hellip; <a href=\"https:\/\/observatorioantiespecista.com\/index.php\/quem-somos\/\" class=\"more-link\">Continue lendo <span class=\"screen-reader-text\">Quem Somos<\/span><\/a><\/p>\n","protected":false},"author":1,"featured_media":0,"parent":0,"menu_order":0,"comment_status":"closed","ping_status":"closed","template":"","meta":{"footnotes":""},"class_list":["post-20","page","type-page","status-publish","hentry"],"_links":{"self":[{"href":"https:\/\/observatorioantiespecista.com\/index.php\/wp-json\/wp\/v2\/pages\/20","targetHints":{"allow":["GET"]}}],"collection":[{"href":"https:\/\/observatorioantiespecista.com\/index.php\/wp-json\/wp\/v2\/pages"}],"about":[{"href":"https:\/\/observatorioantiespecista.com\/index.php\/wp-json\/wp\/v2\/types\/page"}],"author":[{"embeddable":true,"href":"https:\/\/observatorioantiespecista.com\/index.php\/wp-json\/wp\/v2\/users\/1"}],"replies":[{"embeddable":true,"href":"https:\/\/observatorioantiespecista.com\/index.php\/wp-json\/wp\/v2\/comments?post=20"}],"version-history":[{"count":11,"href":"https:\/\/observatorioantiespecista.com\/index.php\/wp-json\/wp\/v2\/pages\/20\/revisions"}],"predecessor-version":[{"id":199,"href":"https:\/\/observatorioantiespecista.com\/index.php\/wp-json\/wp\/v2\/pages\/20\/revisions\/199"}],"wp:attachment":[{"href":"https:\/\/observatorioantiespecista.com\/index.php\/wp-json\/wp\/v2\/media?parent=20"}],"curies":[{"name":"wp","href":"https:\/\/api.w.org\/{rel}","templated":true}]}}